{"id":11901,"date":"2021-05-25T07:07:19","date_gmt":"2021-05-25T05:07:19","guid":{"rendered":"https:\/\/introfoods.com\/versand__lieferung\/"},"modified":"2021-12-30T16:32:28","modified_gmt":"2021-12-30T15:32:28","slug":"versand__lieferung","status":"publish","type":"page","link":"https:\/\/introfoods.com\/de\/versand__lieferung\/","title":{"rendered":"Versand &#038; Lieferung"},"content":{"rendered":"\t\t<div data-elementor-type=\"wp-page\" data-elementor-id=\"11901\" class=\"elementor elementor-11901\">\n\t\t\t\t\t\t<section class=\"elementor-section elementor-top-section elementor-element elementor-element-11676862 elementor-section-boxed elementor-section-height-default elementor-section-height-default wd-section-disabled\" data-id=\"11676862\" data-element_type=\"section\">\n\t\t\t\t\t\t<div class=\"elementor-container elementor-column-gap-default\">\n\t\t\t\t\t<div class=\"elementor-column elementor-col-100 elementor-top-column elementor-element elementor-element-194227b3\" data-id=\"194227b3\" data-element_type=\"column\">\n\t\t\t<div class=\"elementor-widget-wrap elementor-element-populated\">\n\t\t\t\t\t\t<div class=\"elementor-element elementor-element-762b186f color-scheme-inherit text-left elementor-widget elementor-widget-text-editor\" data-id=\"762b186f\" data-element_type=\"widget\" data-widget_type=\"text-editor.default\">\n\t\t\t\t<div class=\"elementor-widget-container\">\n\t\t\t\t\t\t\t<h4>LIEFERBEDINGUNGEN<\/h4><p>Zuz\u00fcglich zu den angegebenen Produktpreisen k\u00f6nnen noch Versandkosten anfallen.<br \/>N\u00e4here Bestimmungen zu ggf. anfallenden Versandkosten erfahren Sie bei den Angeboten.<\/p><p>Wir liefern nur im Versandweg. Eine Selbstabholung der Ware ist leider nicht m\u00f6glich.<\/p><p>\u00a0<\/p><p><b>In welche L\u00e4nder liefern wir aktuell?<\/b><\/p><p>Zurzeit liefern wir unsere Produkte nur nach Deutschland und innerhalb Italiens.<\/p>\t\t\t\t\t\t<\/div>\n\t\t\t\t<\/div>\n\t\t\t\t\t<\/div>\n\t\t<\/div>\n\t\t\t\t\t<\/div>\n\t\t<\/section>\n\t\t\t\t<\/div>\n\t\t","protected":false},"excerpt":{"rendered":"<p>LIEFERBEDINGUNGEN Zuz\u00fcglich zu den angegebenen Produktpreisen k\u00f6nnen noch Versandkosten anfallen.N\u00e4here Bestimmungen zu ggf. anfallenden Versandkosten erfahren Sie bei den Angeboten.<\/p>\n","protected":false},"author":1,"featured_media":0,"parent":0,"menu_order":970,"comment_status":"closed","ping_status":"closed","template":"","meta":{"footnotes":""},"class_list":["post-11901","page","type-page","status-publish","hentry"],"_links":{"self":[{"href":"https:\/\/introfoods.com\/de\/wp-json\/wp\/v2\/pages\/11901","targetHints":{"allow":["GET"]}}],"collection":[{"href":"https:\/\/introfoods.com\/de\/wp-json\/wp\/v2\/pages"}],"about":[{"href":"https:\/\/introfoods.com\/de\/wp-json\/wp\/v2\/types\/page"}],"author":[{"embeddable":true,"href":"https:\/\/introfoods.com\/de\/wp-json\/wp\/v2\/users\/1"}],"replies":[{"embeddable":true,"href":"https:\/\/introfoods.com\/de\/wp-json\/wp\/v2\/comments?post=11901"}],"version-history":[{"count":0,"href":"https:\/\/introfoods.com\/de\/wp-json\/wp\/v2\/pages\/11901\/revisions"}],"wp:attachment":[{"href":"https:\/\/introfoods.com\/de\/wp-json\/wp\/v2\/media?parent=11901"}],"curies":[{"name":"wp","href":"https:\/\/api.w.org\/{rel}","templated":true}]}}