{"id":11905,"date":"2021-05-25T07:07:19","date_gmt":"2021-05-25T05:07:19","guid":{"rendered":"https:\/\/introfoods.com\/zahlungsweisen\/"},"modified":"2021-12-26T18:10:40","modified_gmt":"2021-12-26T17:10:40","slug":"zahlungsweisen","status":"publish","type":"page","link":"https:\/\/introfoods.com\/de\/zahlungsweisen\/","title":{"rendered":"Zahlungsweisen"},"content":{"rendered":"\t\t<div data-elementor-type=\"wp-page\" data-elementor-id=\"11905\" class=\"elementor elementor-11905\">\n\t\t\t\t\t\t<section class=\"elementor-section elementor-top-section elementor-element elementor-element-6b21ed1e elementor-section-boxed elementor-section-height-default elementor-section-height-default wd-section-disabled\" data-id=\"6b21ed1e\" data-element_type=\"section\">\n\t\t\t\t\t\t<div class=\"elementor-container elementor-column-gap-default\">\n\t\t\t\t\t<div class=\"elementor-column elementor-col-100 elementor-top-column elementor-element elementor-element-559b003b\" data-id=\"559b003b\" data-element_type=\"column\">\n\t\t\t<div class=\"elementor-widget-wrap elementor-element-populated\">\n\t\t\t\t\t\t<div class=\"elementor-element elementor-element-4779ad28 color-scheme-inherit text-left elementor-widget elementor-widget-text-editor\" data-id=\"4779ad28\" data-element_type=\"widget\" data-widget_type=\"text-editor.default\">\n\t\t\t\t<div class=\"elementor-widget-container\">\n\t\t\t\t\t\t\t<p>In unserem Shop stehen Ihnen grunds\u00e4tzlich die folgenden Zahlungsarten zur Verf\u00fcgung:<\/p><ul><li><strong>Vorkasse<\/strong><br \/>Bei Auswahl der Zahlungsart Vorkasse nennen wir Ihnen unsere Bankverbindung in separater E-Mail und liefern die Ware nach Zahlungseingang.<\/li><li><strong>Kreditkarte<\/strong><br \/>Im Bestellprozess geben Sie Ihre Kreditkartendaten an. Ihre Karte wird unmittelbar nach Abgabe der Bestellung belastet.<\/li><li><strong>PayPal<\/strong><br \/>Um den Rechnungsbetrag \u00fcber den Zahlungsdienstleister PayPal (Europe) S.\u00e0 r.l. et Cie, S.C.A, 22-24 Boulevard Royal, L-2449 Luxembourg (\u201ePayPal\u201c) bezahlen zu k\u00f6nnen, m\u00fcssen Sie bei PayPal registriert sein, sich mit Ihren Zugangsdaten legitimieren und die Zahlungsanweisung best\u00e4tigen. Die Zahlungstransaktion wird durch PayPal unmittelbar nach Abgabe der Bestellung durchgef\u00fchrt. Weitere Hinweise erhalten Sie im Bestellvorgang.<\/li><li><strong>Amazon Pay<\/strong><br \/>Um den Rechnungsbetrag \u00fcber den Zahlungsdienstleister Amazon Payments Europe S.C.A. 38 avenue J.F. Kennedy, L-1855 Luxemburg (\u201eAmazon\u201c) bezahlen zu k\u00f6nnen, m\u00fcssen Sie bei Amazon registriert sein, sich mit Ihren Zugangsdaten legitimieren und die Zahlungsanweisung best\u00e4tigen. Die Zahlungstransaktion wird innerhalb eines Bankgesch\u00e4ftstages nach Abgabe der Bestellung durchgef\u00fchrt. Ein Bankgesch\u00e4ftstag ist jeder Werktag mit Ausnahme von Samstagen, bundeseinheitlichen gesetzlichen Feiertagen sowie der 24. Und 31. Dezember eines jeden Jahres. Weitere Hinweise erhalten Sie im Bestellvorgang.<\/li><\/ul>\t\t\t\t\t\t<\/div>\n\t\t\t\t<\/div>\n\t\t\t\t\t<\/div>\n\t\t<\/div>\n\t\t\t\t\t<\/div>\n\t\t<\/section>\n\t\t\t\t<\/div>\n\t\t","protected":false},"excerpt":{"rendered":"<p>In unserem Shop stehen Ihnen grunds\u00e4tzlich die folgenden Zahlungsarten zur Verf\u00fcgung: VorkasseBei Auswahl der Zahlungsart Vorkasse nennen wir Ihnen unsere<\/p>\n","protected":false},"author":1,"featured_media":0,"parent":0,"menu_order":990,"comment_status":"closed","ping_status":"closed","template":"","meta":{"footnotes":""},"class_list":["post-11905","page","type-page","status-publish","hentry"],"_links":{"self":[{"href":"https:\/\/introfoods.com\/de\/wp-json\/wp\/v2\/pages\/11905","targetHints":{"allow":["GET"]}}],"collection":[{"href":"https:\/\/introfoods.com\/de\/wp-json\/wp\/v2\/pages"}],"about":[{"href":"https:\/\/introfoods.com\/de\/wp-json\/wp\/v2\/types\/page"}],"author":[{"embeddable":true,"href":"https:\/\/introfoods.com\/de\/wp-json\/wp\/v2\/users\/1"}],"replies":[{"embeddable":true,"href":"https:\/\/introfoods.com\/de\/wp-json\/wp\/v2\/comments?post=11905"}],"version-history":[{"count":0,"href":"https:\/\/introfoods.com\/de\/wp-json\/wp\/v2\/pages\/11905\/revisions"}],"wp:attachment":[{"href":"https:\/\/introfoods.com\/de\/wp-json\/wp\/v2\/media?parent=11905"}],"curies":[{"name":"wp","href":"https:\/\/api.w.org\/{rel}","templated":true}]}}