{"id":12499,"date":"2021-10-15T10:18:42","date_gmt":"2021-10-15T08:18:42","guid":{"rendered":"https:\/\/introfoods.com\/?post_type=product&#038;p=12499"},"modified":"2024-08-19T21:58:49","modified_gmt":"2024-08-19T19:58:49","slug":"blue-jasmine-kombucha","status":"publish","type":"product","link":"https:\/\/introfoods.com\/de\/produkt\/blue-jasmine-kombucha\/","title":{"rendered":"Blue Jasmine Kombucha Box"},"content":{"rendered":"<ul>\n<li><strong>PROBIOTISCHE FERMENTATION<\/strong><\/li>\n<\/ul>\n<p>KOMBUCHA ist ein typisch prickelndes Getr\u00e4nk, das aus der probiotischen Fermentation von Tee gewonnen wird. W\u00e4hrend dieses Prozesses werden auf nat\u00fcrliche Weise viele Wirkstoffe gebildet, die es zu einem \u201elebendigen\u201c Getr\u00e4nk mit vielen wohltuenden Eigenschaften machen.<\/p>\n<p>&nbsp;<\/p>\n<ul>\n<li><strong>ROH- &amp; GLUTENFREI<\/strong><\/li>\n<\/ul>\n<p>Unser Produkt ist ein echter KOMBUCHA, der keine Abk\u00fcrzungen kennt: Er wird nach der traditionellen Fermentationsmethode vergoren, <strong>nicht<\/strong> pasteurisiert, frei von Konservierungsstoffen, Aromen und k\u00fcnstlichen Substanzen. Au\u00dferdem ist es ein glutenfreies Produkt, wodurch Intro KOMBUCHA f\u00fcr alle Gaumen geeignet ist!<\/p>\n<p>&nbsp;<\/p>\n<ul>\n<li><strong>GESUND &amp; DETOX<\/strong><\/li>\n<\/ul>\n<p>Von Natur aus reich an Antioxidantien, Pro- und Pr\u00e4biotika, Enzymen, Theanin, organischen S\u00e4uren, Vitamin B und C, Aminos\u00e4uren, Mineralstoffen und Polyphenolen, ist Intro KOMBUCHA ein entgiftendes Getr\u00e4nk, zuckerarm und fettfrei. Eine echte Alternative f\u00fcr unseren K\u00f6rper!<\/p>\n<p>&nbsp;<\/p>\n<ul>\n<li><strong>SUPERFOODS &amp; KR\u00c4UTERWISSENSCHAFT<\/strong><\/li>\n<\/ul>\n<p>Jedes unserer Rezepte ist mit einem Mix aus Heilkr\u00e4utern und Superfoods aus aller Welt angereichert. Diese werden von unserem Team aus Kr\u00e4uterkundigen und Geschmacksj\u00e4gern sorgf\u00e4ltig ausgew\u00e4hlt, um unserem Kombucha seine h\u00f6chste Qualit\u00e4t und seinen Geschmack zu verleihen!<\/p>\n<p>&nbsp;<\/p>\n<ul>\n<li><strong>KUNSTSTOFFFREI &amp; VEGAN<\/strong><\/li>\n<\/ul>\n<p>Bei Intro sagen wir nein zu Kunststoffen und Produkten tierischen Ursprungs! Wir haben dieses Projekt mit dem Versprechen begonnen, dies in vollem Respekt f\u00fcr die uns umgebende Umwelt zu tun, und wir beabsichtigen, es zu halten. Deshalb sind alle unsere Produkte zu 100 % vegan und alle unsere Verpackungen sind plastikfrei!<\/p>\n<p>&nbsp;<\/p>\n<ul>\n<li><strong>HERGESTELLT IN ITALIEN<\/strong><\/li>\n<\/ul>\n<p>Unser Produktionsstandort liegt 300 m von der Adriak\u00fcste entfernt, umgeben von Wanderwegen und gr\u00fcnen W\u00e4ldern. Diese Umgebung liefert unserem KOMBUCHA die erstaunlich saubere Luft, die es braucht, um auf nat\u00fcrliche Weise zu fermentieren. Jede Flasche wird dann mit feinsten Tees, besten Bio-Fr\u00fcchten und verschiedenen Heilkr\u00e4utern aufgegossen: ein Meisterwerk italienischer Handwerkskunst!<\/p>\n<p>&nbsp;<\/p>\n<h4>Zutaten<\/h4>\n<p>Gr\u00fcntee-Aufguss*, probiotische Kultur*, kolumbianischer Rohrzucker*, Litschisaft aus Madagaskar*, blaue Spirulina*, \u00e4therisches Jasmin\u00f6l, Kohlens\u00e4ure.<\/p>\n<p>* Zutaten aus kontrolliert biologischem Anbau.<\/p>\n<p>&nbsp;<\/p>\n<p><span style=\"color: #ff0000;\">*Hinweis: <\/span><\/p>\n<p><span style=\"color: #ff0000;\">Unser Kombucha muss <strong>nicht<\/strong> gek\u00fchlt gelagert werden. Dies verdanken wir einer speziellen Herstellungsmethode.<\/span><\/p>\n<p><span style=\"color: #ff0000;\">Preis zzgl.\u00a00,25\u20ac Pfand (Einweg) pro Flasche<\/span><\/p>\n","protected":false},"excerpt":{"rendered":"<p><strong>DAS GUTE-LAUNE-GETR\u00c4NK<\/strong><\/p>\n<p>Kombucha ist das beliebte Getr\u00e4nk aus fermentiertem Tee, auch weltweit bekannt als \u201eGute-Laune-Tee\u201c.<br \/>\nHergestellt nach der traditionellen Fermentationsmethode, ist es ein wunderbares kalorienarmes Getr\u00e4nk mit wohltuenden und bek\u00f6mmlichen Eigenschaften. Verfeinert mit blauer Spirulina und Litschi aus Madagaskar ist Blue Jasmine ein Lebensgef\u00fchl, das mit Begeisterung genossen wird!<\/p>\n","protected":false},"featured_media":14322,"comment_status":"open","ping_status":"closed","template":"","meta":[],"product_cat":[251,15],"product_tag":[],"class_list":{"0":"post-12499","1":"product","2":"type-product","3":"status-publish","4":"has-post-thumbnail","6":"product_cat-flaschen","7":"product_cat-kombucha","9":"first","10":"outofstock","11":"taxable","12":"shipping-taxable","13":"product-type-variable","14":"has-default-attributes"},"_links":{"self":[{"href":"https:\/\/introfoods.com\/de\/wp-json\/wp\/v2\/product\/12499","targetHints":{"allow":["GET"]}}],"collection":[{"href":"https:\/\/introfoods.com\/de\/wp-json\/wp\/v2\/product"}],"about":[{"href":"https:\/\/introfoods.com\/de\/wp-json\/wp\/v2\/types\/product"}],"replies":[{"embeddable":true,"href":"https:\/\/introfoods.com\/de\/wp-json\/wp\/v2\/comments?post=12499"}],"wp:featuredmedia":[{"embeddable":true,"href":"https:\/\/introfoods.com\/de\/wp-json\/wp\/v2\/media\/14322"}],"wp:attachment":[{"href":"https:\/\/introfoods.com\/de\/wp-json\/wp\/v2\/media?parent=12499"}],"wp:term":[{"taxonomy":"product_cat","embeddable":true,"href":"https:\/\/introfoods.com\/de\/wp-json\/wp\/v2\/product_cat?post=12499"},{"taxonomy":"product_tag","embeddable":true,"href":"https:\/\/introfoods.com\/de\/wp-json\/wp\/v2\/product_tag?post=12499"}],"curies":[{"name":"wp","href":"https:\/\/api.w.org\/{rel}","templated":true}]}}