{"id":14221,"date":"2021-12-29T16:18:48","date_gmt":"2021-12-29T15:18:48","guid":{"rendered":"https:\/\/introfoods.com\/?post_type=product&#038;p=14221"},"modified":"2025-06-16T08:58:49","modified_gmt":"2025-06-16T06:58:49","slug":"partymix-kombucha","status":"publish","type":"product","link":"https:\/\/introfoods.com\/de\/produkt\/partymix-kombucha\/","title":{"rendered":"Party Mix Kombucha Box"},"content":{"rendered":"<ul>\n<li><strong>PROBIOTISCHE FERMENTATION<\/strong><\/li>\n<\/ul>\n<p>KOMBUCHA ist ein typisch prickelndes Getr\u00e4nk, das aus der probiotischen Fermentation von Tee gewonnen wird. W\u00e4hrend dieses Prozesses werden auf nat\u00fcrliche Weise viele Wirkstoffe gebildet, die es zu einem \u201elebendigen\u201c Getr\u00e4nk mit vielen wohltuenden Eigenschaften machen.<\/p>\n<p>&nbsp;<\/p>\n<ul>\n<li><strong>ROH- &amp; GLUTENFREI<\/strong><\/li>\n<\/ul>\n<p>Unser Produkt ist ein echter KOMBUCHA, der keine Abk\u00fcrzungen kennt: Er wird nach der traditionellen Fermentationsmethode vergoren, <strong>nicht<\/strong> pasteurisiert, frei von Konservierungsstoffen, Aromen und k\u00fcnstlichen Substanzen. Au\u00dferdem ist es ein glutenfreies Produkt, wodurch Intro KOMBUCHA f\u00fcr alle Gaumen geeignet ist!<\/p>\n<p>&nbsp;<\/p>\n<ul>\n<li><strong>GESUND &amp; DETOX<\/strong><\/li>\n<\/ul>\n<p>Von Natur aus reich an Antioxidantien, Pro- und Pr\u00e4biotika, Enzymen, Theanin, organischen S\u00e4uren, Vitamin B und C, Aminos\u00e4uren, Mineralstoffen und Polyphenolen, ist Intro KOMBUCHA ein entgiftendes Getr\u00e4nk, zuckerarm und fettfrei. Eine echte Alternative f\u00fcr unseren K\u00f6rper!<\/p>\n<p>&nbsp;<\/p>\n<ul>\n<li><strong>SUPERFOODS &amp; KR\u00c4UTERWISSENSCHAFT<\/strong><\/li>\n<\/ul>\n<p>Jedes unserer Rezepte ist mit einem Mix aus Heilkr\u00e4utern und Superfoods aus aller Welt angereichert. Diese werden von unserem Team aus Kr\u00e4uterkundigen und Geschmacksj\u00e4gern sorgf\u00e4ltig ausgew\u00e4hlt, um unserem Kombucha seine h\u00f6chste Qualit\u00e4t und seinen Geschmack zu verleihen!<\/p>\n<p>&nbsp;<\/p>\n<ul>\n<li><strong>KUNSTSTOFFFREI &amp; VEGAN<\/strong><\/li>\n<\/ul>\n<p>Bei Intro sagen wir nein zu Kunststoffen und Produkten tierischen Ursprungs! Wir haben dieses Projekt mit dem Versprechen begonnen, dies in vollem Respekt f\u00fcr die uns umgebende Umwelt zu tun, und wir beabsichtigen, es zu halten. Deshalb sind alle unsere Produkte zu 100 % vegan und alle unsere Verpackungen sind plastikfrei!<\/p>\n<p>&nbsp;<\/p>\n<ul>\n<li><strong>HERGESTELLT IN ITALIEN<\/strong><\/li>\n<\/ul>\n<p>Unser Produktionsstandort liegt 300 m von der Adriak\u00fcste entfernt, umgeben von Wanderwegen und gr\u00fcnen W\u00e4ldern. Diese Umgebung liefert unserem KOMBUCHA die erstaunlich saubere Luft, die es braucht, um auf nat\u00fcrliche Weise zu fermentieren. Jede Flasche wird dann mit feinsten Tees, besten Bio-Fr\u00fcchten und verschiedenen Heilkr\u00e4utern aufgegossen: ein Meisterwerk italienischer Handwerkskunst!<\/p>\n<p>&nbsp;<\/p>\n<h4>Zutaten und N\u00e4hrwerte<\/h4>\n<p><a href=\"https:\/\/introfoods.com\/produkt\/holy-guava\/\"><strong>Holy Guava<\/strong><\/a><\/p>\n<p>Gr\u00fcntee-Aufguss, probiotische Kultur, kolumbianischer Rohrzucker, kolumbianisches Fruchtfleisch aus rosa Guaven, Zitronensaft aus Kalabrien, Hibiskusbl\u00fcten, Goji-Beeren, Hagebutte, Kohlens\u00e4ure. Alle Zutaten aus kontrolliert biologischem Anbau.<\/p>\n<table class=\"woocommerce-product-attributes shop_attributes\">\n<tbody>\n<tr class=\"woocommerce-product-attributes-item woocommerce-product-attributes-item--attribute_pa_fuellmenge\">\n<th class=\"woocommerce-product-attributes-item__label\">F\u00fcllmenge<\/th>\n<td class=\"woocommerce-product-attributes-item__value\">330 ml je Flasche<\/td>\n<\/tr>\n<tr class=\"woocommerce-product-attributes-item woocommerce-product-attributes-item--attribute_pa_naehrwerte\">\n<th class=\"woocommerce-product-attributes-item__label\">N\u00e4hrwerte<\/th>\n<td class=\"woocommerce-product-attributes-item__value\">je 100 ml<\/td>\n<\/tr>\n<tr class=\"woocommerce-product-attributes-item woocommerce-product-attributes-item--attribute_pa_energie\">\n<th class=\"woocommerce-product-attributes-item__label\">Energie<\/th>\n<td class=\"woocommerce-product-attributes-item__value\">74 kJ \/ 17,4 kcal<\/td>\n<\/tr>\n<tr class=\"woocommerce-product-attributes-item woocommerce-product-attributes-item--attribute_pa_fett\">\n<th class=\"woocommerce-product-attributes-item__label\">Fett<\/th>\n<td class=\"woocommerce-product-attributes-item__value\">0 g<\/td>\n<\/tr>\n<tr class=\"woocommerce-product-attributes-item woocommerce-product-attributes-item--attribute_pa_gesaettige-fettsaeuren\">\n<th class=\"woocommerce-product-attributes-item__label\">davon ges\u00e4ttige Fetts\u00e4uren<\/th>\n<td class=\"woocommerce-product-attributes-item__value\">0 g<\/td>\n<\/tr>\n<tr class=\"woocommerce-product-attributes-item woocommerce-product-attributes-item--attribute_pa_kohlenhydrate\">\n<th class=\"woocommerce-product-attributes-item__label\">Kohlenhydrate<\/th>\n<td class=\"woocommerce-product-attributes-item__value\">4,3 g<\/td>\n<\/tr>\n<tr class=\"woocommerce-product-attributes-item woocommerce-product-attributes-item--attribute_pa_davon-zucker\">\n<th class=\"woocommerce-product-attributes-item__label\">davon Zucker<\/th>\n<td class=\"woocommerce-product-attributes-item__value\">4 g<\/td>\n<\/tr>\n<tr class=\"woocommerce-product-attributes-item woocommerce-product-attributes-item--attribute_pa_eiweiss\">\n<th class=\"woocommerce-product-attributes-item__label\">Eiwei\u00df<\/th>\n<td class=\"woocommerce-product-attributes-item__value\">0 g<\/td>\n<\/tr>\n<tr class=\"woocommerce-product-attributes-item woocommerce-product-attributes-item--attribute_pa_salz\">\n<th class=\"woocommerce-product-attributes-item__label\">Salz<\/th>\n<td class=\"woocommerce-product-attributes-item__value\">0,01 g<\/td>\n<\/tr>\n<\/tbody>\n<\/table>\n<p>&nbsp;<\/p>\n<p>&nbsp;<\/p>\n<p><a href=\"https:\/\/introfoods.com\/produkt\/signature-rose\/\"><strong>Signature Ros\u00e9<\/strong><\/a><\/p>\n<p>Gr\u00fcntee-Aufguss*, probiotische Kultur*, kolumbianischer Rohrzucker*, schwarzer Traubensaft, \u00e4therisches Bergamotte\u00f6l aus Kalabrien*, Kohlendioxid. *Zutaten aus kontrolliert biologischem Anbau.<\/p>\n<p>* Zutaten aus kontrolliert biologischem Anbau.<\/p>\n<table class=\"woocommerce-product-attributes shop_attributes\">\n<tbody>\n<tr class=\"woocommerce-product-attributes-item woocommerce-product-attributes-item--attribute_pa_fuellmenge\">\n<th class=\"woocommerce-product-attributes-item__label\">F\u00fcllmenge<\/th>\n<td class=\"woocommerce-product-attributes-item__value\">330 ml je Flasche<\/td>\n<\/tr>\n<tr class=\"woocommerce-product-attributes-item woocommerce-product-attributes-item--attribute_pa_naehrwerte\">\n<th class=\"woocommerce-product-attributes-item__label\">N\u00e4hrwerte<\/th>\n<td class=\"woocommerce-product-attributes-item__value\">je 100 ml<\/td>\n<\/tr>\n<tr class=\"woocommerce-product-attributes-item woocommerce-product-attributes-item--attribute_pa_energie\">\n<th class=\"woocommerce-product-attributes-item__label\">Energie<\/th>\n<td class=\"woocommerce-product-attributes-item__value\">77 kJ \/ 18,1 kcal<\/td>\n<\/tr>\n<tr class=\"woocommerce-product-attributes-item woocommerce-product-attributes-item--attribute_pa_fett\">\n<th class=\"woocommerce-product-attributes-item__label\">Fett<\/th>\n<td class=\"woocommerce-product-attributes-item__value\">0 g<\/td>\n<\/tr>\n<tr class=\"woocommerce-product-attributes-item woocommerce-product-attributes-item--attribute_pa_gesaettige-fettsaeuren\">\n<th class=\"woocommerce-product-attributes-item__label\">davon ges\u00e4ttige Fetts\u00e4uren<\/th>\n<td class=\"woocommerce-product-attributes-item__value\">0 g<\/td>\n<\/tr>\n<tr class=\"woocommerce-product-attributes-item woocommerce-product-attributes-item--attribute_pa_kohlenhydrate\">\n<th class=\"woocommerce-product-attributes-item__label\">Kohlenhydrate<\/th>\n<td class=\"woocommerce-product-attributes-item__value\">&lt; 4,6 g<\/td>\n<\/tr>\n<tr class=\"woocommerce-product-attributes-item woocommerce-product-attributes-item--attribute_pa_davon-zucker\">\n<th class=\"woocommerce-product-attributes-item__label\">davon Zucker<\/th>\n<td class=\"woocommerce-product-attributes-item__value\">4,5 g<\/td>\n<\/tr>\n<tr class=\"woocommerce-product-attributes-item woocommerce-product-attributes-item--attribute_pa_eiweiss\">\n<th class=\"woocommerce-product-attributes-item__label\">Eiwei\u00df<\/th>\n<td class=\"woocommerce-product-attributes-item__value\">0 g<\/td>\n<\/tr>\n<tr class=\"woocommerce-product-attributes-item woocommerce-product-attributes-item--attribute_pa_salz\">\n<th class=\"woocommerce-product-attributes-item__label\">Salz<\/th>\n<td class=\"woocommerce-product-attributes-item__value\">0,01 g<\/td>\n<\/tr>\n<\/tbody>\n<\/table>\n<p>&nbsp;<\/p>\n<p>&nbsp;<\/p>\n<p><a href=\"https:\/\/introfoods.com\/produkt\/atomic-ginger\/\"><strong>Atomic Ginger<\/strong><\/a><\/p>\n<p>Gr\u00fcntee-Aufguss, probiotische Kultur, kolumbianischer Rohrzucker, peruanischer Ingwersaft, S\u00fcdtiroler Apfelsaft, Melissenbl\u00e4tter, Heidebl\u00fcten, Brennnesselbl\u00e4tter, Kohlens\u00e4ure. Alle Zutaten aus kontrolliert biologischem Anbau.<\/p>\n<p>* Zutaten aus kontrolliert biologischem Anbau.<\/p>\n<table class=\"woocommerce-product-attributes shop_attributes\">\n<tbody>\n<tr class=\"woocommerce-product-attributes-item woocommerce-product-attributes-item--attribute_pa_fuellmenge\">\n<th class=\"woocommerce-product-attributes-item__label\">F\u00fcllmenge<\/th>\n<td class=\"woocommerce-product-attributes-item__value\">330 ml je Flasche<\/td>\n<\/tr>\n<tr class=\"woocommerce-product-attributes-item woocommerce-product-attributes-item--attribute_pa_naehrwerte\">\n<th class=\"woocommerce-product-attributes-item__label\">N\u00e4hrwerte<\/th>\n<td class=\"woocommerce-product-attributes-item__value\">je 100 ml<\/td>\n<\/tr>\n<tr class=\"woocommerce-product-attributes-item woocommerce-product-attributes-item--attribute_pa_energie\">\n<th class=\"woocommerce-product-attributes-item__label\">Energie<\/th>\n<td class=\"woocommerce-product-attributes-item__value\">69 kJ \/ 17 kcal<\/td>\n<\/tr>\n<tr class=\"woocommerce-product-attributes-item woocommerce-product-attributes-item--attribute_pa_fett\">\n<th class=\"woocommerce-product-attributes-item__label\">Fett<\/th>\n<td class=\"woocommerce-product-attributes-item__value\">0 g<\/td>\n<\/tr>\n<tr class=\"woocommerce-product-attributes-item woocommerce-product-attributes-item--attribute_pa_gesaettige-fettsaeuren\">\n<th class=\"woocommerce-product-attributes-item__label\">davon ges\u00e4ttige Fetts\u00e4uren<\/th>\n<td class=\"woocommerce-product-attributes-item__value\">0 g<\/td>\n<\/tr>\n<tr class=\"woocommerce-product-attributes-item woocommerce-product-attributes-item--attribute_pa_kohlenhydrate\">\n<th class=\"woocommerce-product-attributes-item__label\">Kohlenhydrate<\/th>\n<td class=\"woocommerce-product-attributes-item__value\">4 g<\/td>\n<\/tr>\n<tr class=\"woocommerce-product-attributes-item woocommerce-product-attributes-item--attribute_pa_davon-zucker\">\n<th class=\"woocommerce-product-attributes-item__label\">davon Zucker<\/th>\n<td class=\"woocommerce-product-attributes-item__value\">4 g<\/td>\n<\/tr>\n<tr class=\"woocommerce-product-attributes-item woocommerce-product-attributes-item--attribute_pa_eiweiss\">\n<th class=\"woocommerce-product-attributes-item__label\">Eiwei\u00df<\/th>\n<td class=\"woocommerce-product-attributes-item__value\">&lt; 0,1 g<\/td>\n<\/tr>\n<tr class=\"woocommerce-product-attributes-item woocommerce-product-attributes-item--attribute_pa_salz\">\n<th class=\"woocommerce-product-attributes-item__label\">Salz<\/th>\n<td class=\"woocommerce-product-attributes-item__value\">&lt; 0,02 g<\/td>\n<\/tr>\n<\/tbody>\n<\/table>\n<p>&nbsp;<\/p>\n<p><span style=\"color: #ff0000\">*Hinweis: <\/span><\/p>\n<p><span style=\"color: #ff0000\">Unser Kombucha muss <strong>nicht<\/strong> gek\u00fchlt gelagert werden. Dies verdanken wir einer speziellen Herstellungsmethode.<\/span><\/p>\n<p><span style=\"color: #ff0000\">Preis zzgl. <\/span><span style=\"color: #ff0000\">0,25\u20ac Pfand (Einweg) pro Flasche<\/span><\/p>\n","protected":false},"excerpt":{"rendered":"<p><strong>Gemischte 6er-Box: <\/strong><\/p>\n<p>M\u00f6chtest du Kombucha zum ersten Mal probieren? Oder bist du dir nicht sicher, welche Geschmacksrichtung am besten zu dir passt? Keine Sorge! In dieser Party Mix 6er-Packung sind jeweils 2 Flaschen unserer Geschmacksrichtungen Atomic Ginger, Signature Ros\u00e9 und Holy Guava enthalten.<\/p>\n<p><strong>Gemischte 12er-Box: <\/strong><\/p>\n<p>Bist du ein Fan unserer breiten Auswahl? Dann ist die gemischte 12er-Box genau das Richtige f\u00fcr dich! Bei dieser Option erh\u00e4ltst du jeweils 4 Flaschen unserer Geschmacksrichtungen Atomic Ginger, Signature Ros\u00e9 und Holy Guava. Warum w\u00e4hlen, wenn du sie alle haben kannst?<\/p>\n","protected":false},"featured_media":14349,"comment_status":"open","ping_status":"closed","template":"","meta":[],"product_cat":[251,15],"product_tag":[],"class_list":{"0":"post-14221","1":"product","2":"type-product","3":"status-publish","4":"has-post-thumbnail","6":"product_cat-flaschen","7":"product_cat-kombucha","9":"first","10":"outofstock","11":"taxable","12":"shipping-taxable","13":"purchasable","14":"product-type-variable"},"_links":{"self":[{"href":"https:\/\/introfoods.com\/de\/wp-json\/wp\/v2\/product\/14221","targetHints":{"allow":["GET"]}}],"collection":[{"href":"https:\/\/introfoods.com\/de\/wp-json\/wp\/v2\/product"}],"about":[{"href":"https:\/\/introfoods.com\/de\/wp-json\/wp\/v2\/types\/product"}],"replies":[{"embeddable":true,"href":"https:\/\/introfoods.com\/de\/wp-json\/wp\/v2\/comments?post=14221"}],"wp:featuredmedia":[{"embeddable":true,"href":"https:\/\/introfoods.com\/de\/wp-json\/wp\/v2\/media\/14349"}],"wp:attachment":[{"href":"https:\/\/introfoods.com\/de\/wp-json\/wp\/v2\/media?parent=14221"}],"wp:term":[{"taxonomy":"product_cat","embeddable":true,"href":"https:\/\/introfoods.com\/de\/wp-json\/wp\/v2\/product_cat?post=14221"},{"taxonomy":"product_tag","embeddable":true,"href":"https:\/\/introfoods.com\/de\/wp-json\/wp\/v2\/product_tag?post=14221"}],"curies":[{"name":"wp","href":"https:\/\/api.w.org\/{rel}","templated":true}]}}