{"id":13947,"date":"2021-05-25T07:15:12","date_gmt":"2021-05-25T05:15:12","guid":{"rendered":"https:\/\/introfoods.com\/terms-of-service\/"},"modified":"2021-12-28T15:39:05","modified_gmt":"2021-12-28T14:39:05","slug":"terms-of-service","status":"publish","type":"page","link":"https:\/\/introfoods.com\/en\/terms-of-service\/","title":{"rendered":"Terms and Conditions"},"content":{"rendered":"\t\t<div data-elementor-type=\"wp-page\" data-elementor-id=\"13947\" class=\"elementor elementor-13947 elementor-11918\">\n\t\t\t\t\t\t<section class=\"wd-negative-gap elementor-section elementor-top-section elementor-element elementor-element-b112406 elementor-section-boxed elementor-section-height-default elementor-section-height-default wd-section-disabled\" data-id=\"b112406\" data-element_type=\"section\">\n\t\t\t\t\t\t<div class=\"elementor-container elementor-column-gap-default\">\n\t\t\t\t\t<div class=\"elementor-column elementor-col-100 elementor-top-column elementor-element elementor-element-822a29e\" data-id=\"822a29e\" data-element_type=\"column\">\n\t\t\t<div class=\"elementor-widget-wrap elementor-element-populated\">\n\t\t\t\t\t\t<div class=\"elementor-element elementor-element-18364d3 elementor-widget elementor-widget-html\" data-id=\"18364d3\" data-element_type=\"widget\" data-widget_type=\"html.default\">\n\t\t\t\t<div class=\"elementor-widget-container\">\n\t\t\t<ol class=\"agb\">\r\n\t<li>\r\n\t\t<h4>GELTUNGSBEREICH<\/h4>\r\n\t\t<p>F\u00fcr alle Bestellungen \u00fcber unseren Online-Shop durch Verbraucher und Unternehmer gelten die nachfolgenden AGB.<\/p>\r\n\t\t<p>Verbraucher ist jede nat\u00fcrliche Person, die ein Rechtsgesch\u00e4ft zu Zwecken abschlie\u00dft, die \u00fcberwiegend weder ihrer gewerblichen noch ihrer selbst\u00e4ndigen beruflichen T\u00e4tigkeit zugerechnet werden k\u00f6nnen. Unternehmer ist eine nat\u00fcrliche oder juristische Person oder eine rechtsf\u00e4hige Personengesellschaft, die bei Abschluss eines Rechtsgesch\u00e4fts in Aus\u00fcbung ihrer gewerblichen oder selbst\u00e4ndigen beruflichen T\u00e4tigkeit handelt.<\/p>\r\n\t\t<p>Gegen\u00fcber Unternehmern gilt: Verwendet der Unternehmer entgegenstehende oder erg\u00e4nzende Allgemeine Gesch\u00e4ftsbedingungen, wird deren Geltung hiermit widersprochen; sie werden nur dann Vertragsbestandteil, wenn wir dem ausdr\u00fccklich zugestimmt haben.<\/p>\r\n\t<\/li>\t\r\n\t<li>\r\n\t\t<h4>VERTRAGSPARTNER, VERTRAGSSCHLUSS, KORREKTURM\u00d6GLICHKEITEN<\/h4>\r\n\t\t<p>Der Kaufvertrag kommt zustande mit CRAVE S.R.L..<\/p>\r\n\t\t<p>Mit Einstellung der Produkte in den Online-Shop geben wir ein verbindliches Angebot zum Vertragsschluss \u00fcber diese Artikel ab. Sie k\u00f6nnen unsere Produkte zun\u00e4chst unverbindlich in den Warenkorb legen und Ihre Eingaben vor Absenden Ihrer verbindlichen Bestellung jederzeit korrigieren, indem Sie die hierf\u00fcr im Bestellablauf vorgesehenen und erl\u00e4uterten Korrekturhilfen nutzen. Der Vertrag kommt zustande, indem Sie durch Anklicken des Bestellbuttons das Angebot \u00fcber die im Warenkorb enthaltenen Waren annehmen. Unmittelbar nach dem Absenden der Bestellung erhalten Sie noch einmal eine Best\u00e4tigung per E-Mail.<\/p>\r\n\t<\/li>\t\r\n\t<li>\r\n\t\t<h4>VERTRAGSSPRACHE, VERTRAGSTEXTSPEICHERUNG<\/h4>\r\n\t\t<p>Die f\u00fcr den Vertragsschluss zur Verf\u00fcgung stehende(n) Sprache(n): Deutsch, Englisch, Italienisch<\/p>\r\n\t\t<p>Wir speichern den Vertragstext und senden Ihnen die Bestelldaten und unsere AGB in Textform zu. Der Vertragstext ist aus Sicherheitsgr\u00fcnden nicht mehr \u00fcber das Internet zug\u00e4nglich.<\/p>\r\n\t<\/li>\t\r\n\t<li>\r\n\t\t<h4>LIEFERBEDINGUNGEN<\/h4>\r\n\t\t<p>Zuz\u00fcglich zu den angegebenen Produktpreisen k\u00f6nnen noch Versandkosten anfallen.<br>\r\n\t\tN\u00e4here Bestimmungen zu ggf. anfallenden Versandkosten erfahren Sie bei den Angeboten.<\/p>\r\n\t\t<p>Wir liefern nur im Versandweg. Eine Selbstabholung der Ware ist leider nicht m\u00f6glich.<\/p>\r\n\t<\/li>\t\r\n\t<li>\r\n\t\t<h4>BEZAHLUNG<\/h4>\r\n\t\t<p>In unserem Shop stehen Ihnen grunds\u00e4tzlich die folgenden Zahlungsarten zur Verf\u00fcgung:<\/p>\r\n\t\t<ul>\r\n\t\t\t<li><strong>Vorkasse<\/strong><br>\r\n\t\t\tBei Auswahl der Zahlungsart Vorkasse nennen wir Ihnen unsere Bankverbindung in separater E-Mail und liefern die Ware nach Zahlungseingang.<\/li>\r\n\t\t\t<li><strong>Kreditkarte<\/strong><br>\r\n\t\t\tIm Bestellprozess geben Sie Ihre Kreditkartendaten an. Ihre Karte wird unmittelbar nach Abgabe der Bestellung belastet.<\/li>\r\n\t\t\t<li><strong>PayPal<\/strong><br>\r\n\t\t\tUm den Rechnungsbetrag \u00fcber den Zahlungsdienstleister PayPal (Europe) S.\u00e0 r.l. et Cie, S.C.A, 22-24 Boulevard Royal, L-2449 Luxembourg (\u201ePayPal\u201c) bezahlen zu k\u00f6nnen, m\u00fcssen Sie bei PayPal registriert sein, sich mit Ihren Zugangsdaten legitimieren und die Zahlungsanweisung best\u00e4tigen. Die Zahlungstransaktion wird durch PayPal unmittelbar nach Abgabe der Bestellung durchgef\u00fchrt. Weitere Hinweise erhalten Sie im Bestellvorgang.<\/li>\r\n\t\t\t<li><strong>Amazon Pay<\/strong><br>\r\n\t\t\tUm den Rechnungsbetrag \u00fcber den Zahlungsdienstleister Amazon Payments Europe S.C.A. 38 avenue J.F. Kennedy, L-1855 Luxemburg (\u201eAmazon\u201c) bezahlen zu k\u00f6nnen, m\u00fcssen Sie bei Amazon registriert sein, sich mit Ihren Zugangsdaten legitimieren und die Zahlungsanweisung best\u00e4tigen. Die Zahlungstransaktion wird innerhalb eines Bankgesch\u00e4ftstages nach Abgabe der Bestellung durchgef\u00fchrt. Ein Bankgesch\u00e4ftstag ist jeder Werktag mit Ausnahme von Samstagen, bundeseinheitlichen gesetzlichen Feiertagen sowie der 24. Und 31. Dezember eines jeden Jahres. Weitere Hinweise erhalten Sie im Bestellvorgang.<\/li>\r\n\t\t<\/ul>\r\n\t<\/li>\t\r\n\t<li>\r\n\t\t<h4>WIDERRUFSRECHT<\/h4>\r\n\t\t<p>Verbrauchern steht das gesetzliche Widerrufsrecht, wie in der Widerrufsbelehrung beschrieben, zu. Unternehmern wird kein freiwilliges Widerrufsrecht einger\u00e4umt.<\/p>\r\n\t<\/li>\t\r\n\t<li>\r\n\t\t<h4>EIGENTUMSVORBEHALT<\/h4>\r\n\t\t<p>Die Ware bleibt bis zur vollst\u00e4ndigen Bezahlung unser Eigentum.<\/p>\r\n\t\t<p>F\u00fcr Unternehmer gilt erg\u00e4nzend: Wir behalten uns das Eigentum an der Ware bis zur vollst\u00e4ndigen Begleichung aller Forderungen aus einer laufenden Gesch\u00e4ftsbeziehung vor. Sie d\u00fcrfen die Vorbehaltsware im ordentlichen Gesch\u00e4ftsbetrieb weiterver\u00e4u\u00dfern; s\u00e4mtliche aus diesem Weiterverkauf entstehenden Forderungen treten Sie \u2013 unabh\u00e4ngig von einer Verbindung oder Vermischung der Vorbehaltsware mit einer neuen Sache - in H\u00f6he des Rechnungsbetrages an uns im Voraus ab, und wir nehmen diese Abtretung an. Sie bleiben zur Einziehung der Forderungen erm\u00e4chtigt, wir d\u00fcrfen Forderungen jedoch auch selbst einziehen, soweit Sie Ihren Zahlungsverpflichtungen nicht nachkommen. Die uns zustehenden Sicherheiten werden wir auf Ihr Verlangen insoweit freigeben, als der realisierbare Wert der Sicherheiten den Wert der offenen Forderungen um mehr als 10 % \u00fcbersteigt.<\/p>\r\n\t<\/li>\t\r\n\t<li>\r\n\t\t<h4>GEW\u00c4HRLEISTUNG UND GARANTIEN<\/h4>\r\n\t\t<ol>\r\n\t\t\t<li>\r\n\t\t\t\t<strong>M\u00c4NGELHAFTUNGSRECHT<\/strong>\r\n\t\t\t\t<p>Soweit nicht nachstehend ausdr\u00fccklich anders vereinbart, gilt das gesetzliche M\u00e4ngelhaftungsrecht.<\/p>\r\n\t\t\t\t<p>Die nachstehenden Einschr\u00e4nkungen und Fristverk\u00fcrzungen gelten nicht f\u00fcr Anspr\u00fcche aufgrund von Sch\u00e4den, die durch uns, unsere gesetzlichen Vertreter oder Erf\u00fcllungsgehilfen verursacht wurden<\/p>\r\n\t\t\t\t<ul>\r\n\t\t\t\t\t<li>bei Verletzung des Lebens, des K\u00f6rpers oder der Gesundheit<\/li>\r\n\t\t\t\t\t<li>bei vors\u00e4tzlicher oder grob fahrl\u00e4ssiger Pflichtverletzung sowie Arglist<\/li>\r\n\t\t\t\t\t<li>bei Verletzung wesentlicher Vertragspflichten, deren Erf\u00fcllung die ordnungsgem\u00e4\u00dfe Durchf\u00fchrung des Vertrages \u00fcberhaupt erst erm\u00f6glicht und auf deren Einhaltung der Vertragspartner regelm\u00e4\u00dfig vertrauen darf (Kardinalpflichten)<\/li>\r\n\t\t\t\t\t<li>im Rahmen eines Garantieversprechens, soweit vereinbart, oder<\/li>\r\n\t\t\t\t\t<li>soweit der Anwendungsbereich des Produkthaftungsgesetzes er\u00f6ffnet ist.<\/li>\r\n\t\t\t\t<\/ul>\r\n\t\t\t\t<p><strong>Beschr\u00e4nkungen gegen\u00fcber Unternehmern<\/strong><\/p>\r\n\t\t\t\t<p>Gegen\u00fcber Unternehmern gelten als Vereinbarung \u00fcber die Beschaffenheit der Ware nur unsere eigenen Angaben und die Produktbeschreibungen des Herstellers, die in den Vertrag einbezogen wurden; f\u00fcr \u00f6ffentliche \u00c4u\u00dferungen des Herstellers oder sonstige Werbeaussagen \u00fcbernehmen wir keine Haftung. F\u00fcr Unternehmer betr\u00e4gt die Verj\u00e4hrungsfrist f\u00fcr M\u00e4ngelanspr\u00fcche bei neu hergestellten Sachen ein Jahr ab Gefahr\u00fcbergang.<\/p>\r\n\t\t\t\t<p>Die gesetzlichen Verj\u00e4hrungsfristen f\u00fcr den R\u00fcckgriffsanspruch nach \u00a7 445a BGB bleiben unber\u00fchrt.<\/p>\r\n\t\t\t\t<p><strong>Regelungen gegen\u00fcber Kaufleuten<\/strong><\/p>\r\n\t\t\t\t<p>Unter Kaufleuten gilt die in \u00a7 377 HGB geregelte Untersuchungs- und R\u00fcgepflicht. Unterlassen Sie die dort geregelte Anzeige, so gilt die Ware als genehmigt, es sei denn, dass es sich um einen Mangel handelt, der bei der Untersuchung nicht erkennbar war. Dies gilt nicht, falls wir einen Mangel arglistig verschwiegen haben.<\/p>\r\n\t\t\t<\/li>\r\n\t\t\t<li>\r\n\t\t\t\t<strong>GARANTIEN UND KUNDENDIENST<\/strong>\r\n\t\t\t\t<p>Informationen zu gegebenenfalls geltenden zus\u00e4tzlichen Garantien und deren genaue Bedingungen finden Sie jeweils beim Produkt und auf besonderen Informationsseiten im Online-Shop.<\/p>\r\n\t\t\t<\/li>\r\n\t\t<\/ol>\r\n\t<\/li>\t\r\n\t<li>\r\n\t\t<h4>HAFTUNG<\/h4>\r\n\t\t<p>F\u00fcr Anspr\u00fcche aufgrund von Sch\u00e4den, die durch uns, unsere gesetzlichen Vertreter oder Erf\u00fcllungsgehilfen verursacht wurden, haften wir stets unbeschr\u00e4nkt<\/p>\r\n\t\t<ul>\r\n\t\t\t<li>bei Verletzung des Lebens, des K\u00f6rpers oder der Gesundheit,<\/li>\r\n\t\t\t<li>bei vors\u00e4tzlicher oder grob fahrl\u00e4ssiger Pflichtverletzung,<\/li>\r\n\t\t\t<li>bei Garantieversprechen, soweit vereinbart, oder<\/li>\r\n\t\t\t<li>soweit der Anwendungsbereich des Produkthaftungsgesetzes er\u00f6ffnet ist.<\/li>\r\n\t\t<\/ul>\r\n\t\t<p>Bei Verletzung wesentlicher Vertragspflichten, deren Erf\u00fcllung die ordnungsgem\u00e4\u00dfe Durchf\u00fchrung des Vertrages \u00fcberhaupt erst erm\u00f6glicht und auf deren Einhaltung der Vertragspartner regelm\u00e4\u00dfig vertrauen darf, (Kardinalpflichten) durch leichte Fahrl\u00e4ssigkeit von uns, unseren gesetzlichen Vertretern oder Erf\u00fcllungsgehilfen ist die Haftung der H\u00f6he nach auf den bei Vertragsschluss vorhersehbaren Schaden begrenzt, mit dessen Entstehung typischerweise gerechnet werden muss.<\/p>\r\n\t\t<p>Im \u00dcbrigen sind Anspr\u00fcche auf Schadensersatz ausgeschlossen.<\/p>\r\n\t<\/li>\t\r\n\t<li>\r\n\t\t<h4>STREITBEILEGUNG<\/h4>\r\n\t\t<p>Die Europ\u00e4ische Kommission stellt eine Plattform zur Online-Streitbeilegung (OS) bereit, die Sie <a href=\"https:\/\/ec.europa.eu\/consumers\/odr\/\" target=\"_blank\" rel=\"noreferrer nofollow noopener\">hier<\/a> finden. Zur Teilnahme an einem Streitbeilegungsverfahren vor einer Verbraucherschlichtungsstelle sind wir nicht verpflichtet und nicht bereit.<\/p>\r\n\t<\/li>\t\r\n\t<li>\r\n\t\t<h4>SCHLUSSBESTIMMUNGEN<\/h4>\r\n\t\t<p>Sind Sie Unternehmer, dann gilt deutsches Recht unter Ausschluss des UN-Kaufrechts.<\/p>\r\n\t<\/li>\t\r\n<\/ol>\t\t<\/div>\n\t\t\t\t<\/div>\n\t\t\t\t\t<\/div>\n\t\t<\/div>\n\t\t\t\t\t<\/div>\n\t\t<\/section>\n\t\t\t\t<\/div>\n\t\t","protected":false},"excerpt":{"rendered":"<p>GELTUNGSBEREICH F\u00fcr alle Bestellungen \u00fcber unseren Online-Shop durch Verbraucher und Unternehmer gelten die nachfolgenden AGB. Verbraucher ist jede nat\u00fcrliche Person,<\/p>\n","protected":false},"author":1,"featured_media":0,"parent":0,"menu_order":960,"comment_status":"closed","ping_status":"closed","template":"","meta":{"footnotes":""},"class_list":["post-13947","page","type-page","status-publish","hentry"],"_links":{"self":[{"href":"https:\/\/introfoods.com\/en\/wp-json\/wp\/v2\/pages\/13947","targetHints":{"allow":["GET"]}}],"collection":[{"href":"https:\/\/introfoods.com\/en\/wp-json\/wp\/v2\/pages"}],"about":[{"href":"https:\/\/introfoods.com\/en\/wp-json\/wp\/v2\/types\/page"}],"author":[{"embeddable":true,"href":"https:\/\/introfoods.com\/en\/wp-json\/wp\/v2\/users\/1"}],"replies":[{"embeddable":true,"href":"https:\/\/introfoods.com\/en\/wp-json\/wp\/v2\/comments?post=13947"}],"version-history":[{"count":0,"href":"https:\/\/introfoods.com\/en\/wp-json\/wp\/v2\/pages\/13947\/revisions"}],"wp:attachment":[{"href":"https:\/\/introfoods.com\/en\/wp-json\/wp\/v2\/media?parent=13947"}],"curies":[{"name":"wp","href":"https:\/\/api.w.org\/{rel}","templated":true}]}}