{"id":13957,"date":"2021-05-25T07:07:19","date_gmt":"2021-05-25T05:07:19","guid":{"rendered":"https:\/\/introfoods.com\/right-of-withdrawal\/"},"modified":"2022-12-05T10:10:10","modified_gmt":"2022-12-05T09:10:10","slug":"right-of-withdrawal","status":"publish","type":"page","link":"https:\/\/introfoods.com\/en\/right-of-withdrawal\/","title":{"rendered":"Returns"},"content":{"rendered":"\t\t<div data-elementor-type=\"wp-page\" data-elementor-id=\"13957\" class=\"elementor elementor-13957 elementor-11902\">\n\t\t\t\t\t\t<section class=\"elementor-section elementor-top-section elementor-element elementor-element-599f894a elementor-section-boxed elementor-section-height-default elementor-section-height-default wd-section-disabled\" data-id=\"599f894a\" data-element_type=\"section\">\n\t\t\t\t\t\t<div class=\"elementor-container elementor-column-gap-default\">\n\t\t\t\t\t<div class=\"elementor-column elementor-col-100 elementor-top-column elementor-element elementor-element-7712c708\" data-id=\"7712c708\" data-element_type=\"column\">\n\t\t\t<div class=\"elementor-widget-wrap elementor-element-populated\">\n\t\t\t\t\t\t<div class=\"elementor-element elementor-element-45da5197 color-scheme-inherit text-left elementor-widget elementor-widget-text-editor\" data-id=\"45da5197\" data-element_type=\"widget\" data-widget_type=\"text-editor.default\">\n\t\t\t\t<div class=\"elementor-widget-container\">\n\t\t\t\t\t\t\t<p>Verbraucher haben ein vierzehnt\u00e4giges Widerrufsrecht.<\/p>\t\t\t\t\t\t<\/div>\n\t\t\t\t<\/div>\n\t\t\t\t<div class=\"elementor-element elementor-element-7c68800 elementor-widget-divider--view-line elementor-widget elementor-widget-divider\" data-id=\"7c68800\" data-element_type=\"widget\" data-widget_type=\"divider.default\">\n\t\t\t\t<div class=\"elementor-widget-container\">\n\t\t\t\t\t<div class=\"elementor-divider\">\n\t\t\t<span class=\"elementor-divider-separator\">\n\t\t\t\t\t\t<\/span>\n\t\t<\/div>\n\t\t\t\t<\/div>\n\t\t\t\t<\/div>\n\t\t\t\t<div class=\"elementor-element elementor-element-45f936e color-scheme-inherit text-left elementor-widget elementor-widget-text-editor\" data-id=\"45f936e\" data-element_type=\"widget\" data-widget_type=\"text-editor.default\">\n\t\t\t\t<div class=\"elementor-widget-container\">\n\t\t\t\t\t\t\t<h4>Widerrufsrecht<\/h4><p>Sie haben das Recht, binnen\u00a0<span style=\"font-size: 15px; background-color: var(--wd-main-bgcolor); color: var(--wd-text-color);\">vierzehn Tagen\u00a0<\/span><span style=\"font-size: 15px; background-color: var(--wd-main-bgcolor); color: var(--wd-text-color);\">ohne Angabe von Gr\u00fcnden diesen Vertrag zu widerrufen. Die Widerrufsfrist betr\u00e4gt<\/span><span style=\"font-size: 15px; background-color: var(--wd-main-bgcolor); color: var(--wd-text-color);\">\u00a0vierzehn Tage\u00a0<\/span><span style=\"font-size: 15px; background-color: var(--wd-main-bgcolor); color: var(--wd-text-color);\">ab dem Tag\u00a0<\/span><span style=\"font-size: 15px; background-color: var(--wd-main-bgcolor); color: var(--wd-text-color);\">an dem Sie oder ein von Ihnen benannter Dritter, der nicht der Bef\u00f6rderer ist, die letzte Ware in Besitz genommen haben bzw. hat.<\/span><\/p><p>Um Ihr Widerrufsrecht auszu\u00fcben, m\u00fcssen Sie uns (Crave S.R.L, Via San Lazzaro 3, 34122 Triest, Italien,\u00a0<a href=\"mailto:germany@introfoods.com\" target=\"_blank\" rel=\"noopener\">germany@introfoods.com<\/a>, Telefon: <a href=\"tel:+496345\/9548166\">+49 6345 9548166<\/a>) mittels einer eindeutigen Erkl\u00e4rung (z.B. ein mit der Post versandter Brief oder eine E-Mail) \u00fcber Ihren Entschluss, diesen Vertrag zu widerrufen, informieren. Sie k\u00f6nnen daf\u00fcr das beigef\u00fcgte Muster-Widerrufsformular verwenden, das jedoch nicht vorgeschrieben ist.\u00a0<\/p><p>Zur Wahrung der Widerrufsfrist reicht es aus, dass Sie die Mitteilung \u00fcber die Aus\u00fcbung des Widerrufsrechts vor Ablauf der Widerrufsfrist absenden.\u00a0\u00a0<\/p><div>\u00a0<\/div>\t\t\t\t\t\t<\/div>\n\t\t\t\t<\/div>\n\t\t\t\t<div class=\"elementor-element elementor-element-af866a4 elementor-widget-divider--view-line elementor-widget elementor-widget-divider\" data-id=\"af866a4\" data-element_type=\"widget\" data-widget_type=\"divider.default\">\n\t\t\t\t<div class=\"elementor-widget-container\">\n\t\t\t\t\t<div class=\"elementor-divider\">\n\t\t\t<span class=\"elementor-divider-separator\">\n\t\t\t\t\t\t<\/span>\n\t\t<\/div>\n\t\t\t\t<\/div>\n\t\t\t\t<\/div>\n\t\t\t\t<div class=\"elementor-element elementor-element-e8554b1 color-scheme-inherit text-left elementor-widget elementor-widget-text-editor\" data-id=\"e8554b1\" data-element_type=\"widget\" data-widget_type=\"text-editor.default\">\n\t\t\t\t<div class=\"elementor-widget-container\">\n\t\t\t\t\t\t\t<h4>Folgen des Widerrufs<\/h4>\n<p style=\"font-family: 'DejaVu Sans', sans-serif; margin-bottom: 1rem; font-size: 16px; color: #676a6c; font-style: normal; font-variant-ligatures: normal; font-variant-caps: normal; font-weight: 400;\">Wenn Sie diesen Vertrag widerrufen, haben wir Ihnen alle Zahlungen, die wir von Ihnen erhalten haben, einschlie\u00dflich der Lieferkosten (mit Ausnahme der zus\u00e4tzlichen Kosten, die sich daraus ergeben, dass Sie eine andere Art der Lieferung als die von uns angebotene, g\u00fcnstigste Standardlieferung gew\u00e4hlt haben), unverz\u00fcglich und sp\u00e4testens binnen vierzehn Tagen ab dem Tag zur\u00fcckzuzahlen, an dem die Mitteilung \u00fcber Ihren Widerruf dieses Vertrags bei uns eingegangen ist. F\u00fcr diese R\u00fcckzahlung verwenden wir dasselbe Zahlungsmittel, das Sie bei der urspr\u00fcnglichen Transaktion eingesetzt haben, es sei denn, mit Ihnen wurde ausdr\u00fccklich etwas anderes vereinbart; in keinem Fall werden Ihnen wegen dieser R\u00fcckzahlung Entgelte berechnet. Wir k\u00f6nnen die R\u00fcckzahlung verweigern, bis wir die Waren wieder zur\u00fcckerhalten haben oder bis Sie den Nachweis erbracht haben, dass Sie die Waren zur\u00fcckgesandt haben, je nachdem, welches der fr\u00fchere Zeitpunkt ist.<\/p>\n<p style=\"font-family: 'DejaVu Sans', sans-serif; margin-bottom: 1rem; font-size: 16px; color: #676a6c; font-style: normal; font-variant-ligatures: normal; font-variant-caps: normal; font-weight: 400;\">Sie haben die Waren unverz\u00fcglich und in jedem Fall sp\u00e4testens binnen vierzehn Tagen ab dem Tag, an dem Sie uns \u00fcber den Widerruf dieses Vertrags unterrichten, an uns zur\u00fcckzusenden oder zu \u00fcbergeben. Die Frist ist gewahrt, wenn Sie die Waren vor Ablauf der Frist von vierzehn Tagen absenden. Sie tragen die unmittelbaren Kosten der R\u00fccksendung der Waren. Sie m\u00fcssen f\u00fcr einen etwaigen Wertverlust der Waren nur aufkommen, wenn dieser Wertverlust auf einen zur Pr\u00fcfung der Beschaffenheit, Eigenschaften und Funktionsweise der Waren nicht notwendigen Umgang mit ihnen zur\u00fcckzuf\u00fchren ist.<\/p>\n<p style=\"font-family: 'DejaVu Sans', sans-serif; margin-bottom: 1rem; font-size: 16px; color: #676a6c; font-style: normal; font-variant-ligatures: normal; font-variant-caps: normal; font-weight: 400;\">Das Widerrufsrecht besteht nicht bei den folgenden Vertr\u00e4gen:<\/p>\n<ul style=\"font-family: 'DejaVu Sans', sans-serif; margin-bottom: 1rem; color: #676a6c; font-size: 16px; font-style: normal; font-variant-ligatures: normal; font-variant-caps: normal; font-weight: 400;\">\n<li style=\"font-family: 'DejaVu Sans', sans-serif;\">Vertr\u00e4ge zur Lieferung versiegelter Waren, die aus Gr\u00fcnden des Gesundheitsschutzes oder der Hygiene nicht zur R\u00fcckgabe geeignet sind, wenn ihre Versiegelung nach der Lieferung entfernt wurde.<\/li>\n<\/ul>\t\t\t\t\t\t<\/div>\n\t\t\t\t<\/div>\n\t\t\t\t<div class=\"elementor-element elementor-element-ede09a5 elementor-widget-divider--view-line elementor-widget elementor-widget-divider\" data-id=\"ede09a5\" data-element_type=\"widget\" data-widget_type=\"divider.default\">\n\t\t\t\t<div class=\"elementor-widget-container\">\n\t\t\t\t\t<div class=\"elementor-divider\">\n\t\t\t<span class=\"elementor-divider-separator\">\n\t\t\t\t\t\t<\/span>\n\t\t<\/div>\n\t\t\t\t<\/div>\n\t\t\t\t<\/div>\n\t\t\t\t<div class=\"elementor-element elementor-element-04b1d31 color-scheme-inherit text-left elementor-widget elementor-widget-text-editor\" data-id=\"04b1d31\" data-element_type=\"widget\" data-widget_type=\"text-editor.default\">\n\t\t\t\t<div class=\"elementor-widget-container\">\n\t\t\t\t\t\t\t<h4>Muster-Widerrufsformular<\/h4><p>(Wenn Sie den Vertrag widerrufen wollen, dann f\u00fcllen Sie bitte dieses Formular aus und senden Sie es zur\u00fcck.)<\/p><ul><li>An Crave S.R.L, Via San Lazzaro 3, 34122 Triest, Italien, <a href=\"mailto:germany@introfoods.com\">germany@introfoods.com<\/a><p>\u00a0<\/p><\/li><li>Hiermit widerrufe(n) ich\/wir (*) den von mir\/uns (*) abgeschlossenen Vertrag \u00fcber den Kauf der folgenden<br \/>Waren (*)\/die Erbringung der folgenden Dienstleistung (*)<p>\u00a0<\/p><\/li><li>Bestellt am (*)\/erhalten am (*)<br \/><br \/><br \/><\/li><li>Name des\/der Verbraucher(s)<p>\u00a0<\/p><\/li><li>Anschrift des\/der Verbraucher(s)<p>\u00a0<\/p><\/li><li>Unterschrift des\/der Verbraucher(s) (nur bei Mitteilung auf Papier)<p>\u00a0<\/p><\/li><li>Datum<p>\u00a0<\/p><\/li><\/ul><p>(*) Unzutreffendes streichen.<\/p>\t\t\t\t\t\t<\/div>\n\t\t\t\t<\/div>\n\t\t\t\t\t<\/div>\n\t\t<\/div>\n\t\t\t\t\t<\/div>\n\t\t<\/section>\n\t\t\t\t<\/div>\n\t\t","protected":false},"excerpt":{"rendered":"<p>Verbraucher haben ein vierzehnt\u00e4giges Widerrufsrecht. Widerrufsrecht Sie haben das Recht, binnen\u00a0vierzehn Tagen\u00a0ohne Angabe von Gr\u00fcnden diesen Vertrag zu widerrufen. Die<\/p>\n","protected":false},"author":1,"featured_media":0,"parent":0,"menu_order":980,"comment_status":"closed","ping_status":"closed","template":"","meta":{"footnotes":""},"class_list":["post-13957","page","type-page","status-publish","hentry"],"_links":{"self":[{"href":"https:\/\/introfoods.com\/en\/wp-json\/wp\/v2\/pages\/13957","targetHints":{"allow":["GET"]}}],"collection":[{"href":"https:\/\/introfoods.com\/en\/wp-json\/wp\/v2\/pages"}],"about":[{"href":"https:\/\/introfoods.com\/en\/wp-json\/wp\/v2\/types\/page"}],"author":[{"embeddable":true,"href":"https:\/\/introfoods.com\/en\/wp-json\/wp\/v2\/users\/1"}],"replies":[{"embeddable":true,"href":"https:\/\/introfoods.com\/en\/wp-json\/wp\/v2\/comments?post=13957"}],"version-history":[{"count":11,"href":"https:\/\/introfoods.com\/en\/wp-json\/wp\/v2\/pages\/13957\/revisions"}],"predecessor-version":[{"id":15053,"href":"https:\/\/introfoods.com\/en\/wp-json\/wp\/v2\/pages\/13957\/revisions\/15053"}],"wp:attachment":[{"href":"https:\/\/introfoods.com\/en\/wp-json\/wp\/v2\/media?parent=13957"}],"curies":[{"name":"wp","href":"https:\/\/api.w.org\/{rel}","templated":true}]}}